{"id":1243,"date":"2025-01-07T23:27:16","date_gmt":"2025-01-07T23:27:16","guid":{"rendered":"https:\/\/www.bioscent.eu\/?post_type=product&#038;p=1243"},"modified":"2025-09-06T21:57:34","modified_gmt":"2025-09-06T21:57:34","slug":"huile-oud-malaki","status":"publish","type":"product","link":"https:\/\/www.bioscent.eu\/fr\/collections\/huile-oud-malaki\/","title":{"rendered":"Unisexe | N\u00b02 Oud Malaki"},"content":{"rendered":"<p><strong>Oud Malaki - Huile de parfum unisexe pure<\/strong><\/p>\n<p>Faites l'exp\u00e9rience du luxe \u00e0 l'\u00e9tat pur avec <strong>Oud Malaki<\/strong>, Un parfum opulent qui allie puissance, \u00e9l\u00e9gance et sensualit\u00e9.<br \/>\nLe parfum s'ouvre sur une explosion vibrante d'ar\u00f4mes. <strong>Cardamome verte<\/strong>, <strong>citron piquant<\/strong>, <strong>Clou de girofle \u00e9pic\u00e9<\/strong>, et <strong>Orange vif<\/strong>, Le parfum de t\u00eate est frais et revigorant.<\/p>\n<p>Au c\u0153ur, la fusion chaleureuse et aromatique de <strong>Cannelle<\/strong> et <strong>Safran<\/strong> se d\u00e9ploie en une essence riche et invitante.<\/p>\n<p>La base s'installe dans un sillage durable et sophistiqu\u00e9, combinant la profondeur bois\u00e9e du <strong>C\u00e8dre<\/strong> et <strong>Bois de ga\u00efac<\/strong> avec l'opulence de <strong>Oud<\/strong> et <strong>Patchouli<\/strong>. Enfin, <strong>Vanille<\/strong> et <strong>Ambre sec<\/strong> ajoutent une chaleur douce et r\u00e9sineuse, faisant de l'Oud Malaki une exp\u00e9rience olfactive inoubliable.<\/p>\n<p>\u2728 <strong>Pourquoi choisir Oud Malaki ?<\/strong><\/p>\n<ul>\n<li><strong>Parfum unisexe<\/strong> - puissant et \u00e9l\u00e9gant<\/li>\n<li><strong>Huile de parfum \u00e0 haute concentration<\/strong> pour une long\u00e9vit\u00e9 exceptionnelle<\/li>\n<li>Fabriqu\u00e9 avec <strong>ingr\u00e9dients de premi\u00e8re qualit\u00e9<\/strong><\/li>\n<li>Parfum fort et durable <strong>jour et nuit<\/strong><\/li>\n<li><strong>Livraison gratuite \u00e0 partir de 60 euros<\/strong><\/li>\n<\/ul>\n<p>\ud83d\udc49 <strong>Oud Malaki<\/strong> est le parfum id\u00e9al pour celles qui appr\u00e9cient la <strong>harmonie d'\u00e9pices, de chaleur et de sophistication<\/strong>.<\/p>\n<p><strong>Notes de parfum :<\/strong><\/p>\n<ul>\n<li><strong>Notes de t\u00eate<\/strong>: Cardamome verte, citron, girofle, orange<\/li>\n<li><strong>Notes de c\u0153ur<\/strong>: Cannelle, Safran<\/li>\n<li><strong>Notes de base<\/strong>: C\u00e8dre, Bois de ga\u00efac, Oud, Patchouli, Vanille, Ambre sec<\/li>\n<\/ul>","protected":false},"excerpt":{"rendered":"<p><strong style=\"font-size: 14.4px;\">Oud Malaki<\/strong><span style=\"font-size: 14.4px;\"> est une luxueuse huile de parfum unisexe qui allie fra\u00eecheur \u00e9pic\u00e9e, chaleur bois\u00e9e et \u00e9l\u00e9gance orientale. Un parfum longue dur\u00e9e, tr\u00e8s concentr\u00e9, con\u00e7u pour un sillage fort et raffin\u00e9.<\/span><\/p>","protected":false},"featured_media":0,"comment_status":"open","ping_status":"closed","template":"","meta":[],"product_brand":[],"product_cat":[79,76],"product_tag":[338],"class_list":{"0":"post-1243","1":"product","2":"type-product","3":"status-publish","5":"product_cat-unisex-oil","6":"product_cat-oil-perfume","7":"product_tag-oud-malaki","9":"first","10":"instock","11":"taxable","12":"shipping-taxable","13":"purchasable","14":"product-type-variable","15":"has-default-attributes"},"jetpack_sharing_enabled":true,"_links":{"self":[{"href":"https:\/\/www.bioscent.eu\/fr\/wp-json\/wp\/v2\/product\/1243","targetHints":{"allow":["GET"]}}],"collection":[{"href":"https:\/\/www.bioscent.eu\/fr\/wp-json\/wp\/v2\/product"}],"about":[{"href":"https:\/\/www.bioscent.eu\/fr\/wp-json\/wp\/v2\/types\/product"}],"replies":[{"embeddable":true,"href":"https:\/\/www.bioscent.eu\/fr\/wp-json\/wp\/v2\/comments?post=1243"}],"wp:attachment":[{"href":"https:\/\/www.bioscent.eu\/fr\/wp-json\/wp\/v2\/media?parent=1243"}],"wp:term":[{"taxonomy":"product_brand","embeddable":true,"href":"https:\/\/www.bioscent.eu\/fr\/wp-json\/wp\/v2\/product_brand?post=1243"},{"taxonomy":"product_cat","embeddable":true,"href":"https:\/\/www.bioscent.eu\/fr\/wp-json\/wp\/v2\/product_cat?post=1243"},{"taxonomy":"product_tag","embeddable":true,"href":"https:\/\/www.bioscent.eu\/fr\/wp-json\/wp\/v2\/product_tag?post=1243"}],"curies":[{"name":"wp","href":"https:\/\/api.w.org\/{rel}","templated":true}]}}