{"id":1247,"date":"2025-01-07T23:39:12","date_gmt":"2025-01-07T23:39:12","guid":{"rendered":"https:\/\/www.bioscent.eu\/?post_type=product&#038;p=1247"},"modified":"2025-12-21T09:17:37","modified_gmt":"2025-12-21T09:17:37","slug":"huile-dubai","status":"publish","type":"product","link":"https:\/\/www.bioscent.eu\/fr\/collections\/huile-dubai\/","title":{"rendered":"Unisexe | N\u00b03 Duba\u00ef"},"content":{"rendered":"<p><strong>Oud Malaki N\u00b03 - Huile de parfum unisexe pure<\/strong><\/p>\n<p>Entrez dans la sophistication avec <strong>Oud Malaki N\u00b03<\/strong>Un parfum luxueux qui incarne l'\u00e9l\u00e9gance et le raffinement.<br \/>\nL'ouverture r\u00e9v\u00e8le un m\u00e9lange harmonieux de <strong>Bergamote<\/strong>l'essence apaisante de <strong>Lavande<\/strong>et la fra\u00eecheur vibrante de <strong>Mandarin<\/strong>Le tout pour un d\u00e9but de soir\u00e9e lumineux et enjou\u00e9.<\/p>\n<p>En son c\u0153ur, se d\u00e9ploie une \u00e9treinte chaude et \u00e9pic\u00e9e, o\u00f9 la richesse aromatique de l'huile d'olive est mise \u00e0 l'honneur. <strong>Cannelle<\/strong> rencontre l'attrait intense de <strong>Clou de girofle<\/strong>\u00e9voquant la profondeur et la sensualit\u00e9.<\/p>\n<p>La base s'installe dans un sillage opulent, alors que <strong>Ambre<\/strong> et <strong>C\u00e8dre<\/strong> s'harmonisent parfaitement avec les tons de terre de la <strong>Bois de ga\u00efac<\/strong> et <strong>Bois de santal<\/strong>. Enfin, l'onctuosit\u00e9 douce du <strong>Vanille<\/strong> et la chaleur velout\u00e9e de <strong>F\u00e8ve de Tonka<\/strong> compl\u00e8tent cette composition enchanteresse, laissant une impression royale et inoubliable.<\/p>\n<p>\u2728 <strong>Pourquoi choisir Oud Malaki N\u00b03 ?<\/strong><\/p>\n<ul>\n<li><strong>Parfum unisexe<\/strong> - luxueux et raffin\u00e9<\/li>\n<li><strong>Huile de parfum \u00e0 haute concentration<\/strong> pour une performance durable<\/li>\n<li>Fabriqu\u00e9 avec <strong>ingr\u00e9dients de premi\u00e8re qualit\u00e9<\/strong><\/li>\n<li>Senteur forte et \u00e9l\u00e9gante <strong>jour et nuit<\/strong><\/li>\n<li><strong>Livraison gratuite \u00e0 partir de 40 euros<\/strong><\/li>\n<\/ul>\n<p>\ud83d\udc49 <strong>Oud Malaki N\u00b03<\/strong> est le choix id\u00e9al pour les amateurs de parfums qui recherchent un parfum oriental sophistiqu\u00e9 avec un \u00e9quilibre de <strong>fra\u00eecheur des agrumes, chaleur des \u00e9pices et opulence du bois<\/strong>.<\/p>\n<p><strong>Notes de parfum :<\/strong><\/p>\n<ul>\n<li><strong>Notes de t\u00eate<\/strong>: Bergamote, Lavande, Mandarine<\/li>\n<li><strong>Notes de c\u0153ur<\/strong>: Cannelle, Girofle<\/li>\n<li><strong>Notes de base<\/strong>: Ambre, C\u00e8dre, Bois de Ga\u00efac, Santal, Vanille, F\u00e8ve Tonka<\/li>\n<\/ul>","protected":false},"excerpt":{"rendered":"<p><strong>Oud Malaki N\u00b03<\/strong> est une huile de parfum unisexe luxueuse qui m\u00eale fra\u00eecheur des agrumes, chaleur \u00e9pic\u00e9e et opulence bois\u00e9e. Un parfum tr\u00e8s concentr\u00e9 et de longue dur\u00e9e pour un sillage raffin\u00e9 et puissant.<\/p>","protected":false},"featured_media":3730,"comment_status":"open","ping_status":"closed","template":"","meta":[],"product_brand":[],"product_cat":[79,76],"product_tag":[336],"class_list":{"0":"post-1247","1":"product","2":"type-product","3":"status-publish","4":"has-post-thumbnail","6":"product_cat-unisex-oil","7":"product_cat-oil-perfume","8":"product_tag-dubai","10":"first","11":"instock","12":"taxable","13":"shipping-taxable","14":"purchasable","15":"product-type-variable"},"jetpack_sharing_enabled":true,"_links":{"self":[{"href":"https:\/\/www.bioscent.eu\/fr\/wp-json\/wp\/v2\/product\/1247","targetHints":{"allow":["GET"]}}],"collection":[{"href":"https:\/\/www.bioscent.eu\/fr\/wp-json\/wp\/v2\/product"}],"about":[{"href":"https:\/\/www.bioscent.eu\/fr\/wp-json\/wp\/v2\/types\/product"}],"replies":[{"embeddable":true,"href":"https:\/\/www.bioscent.eu\/fr\/wp-json\/wp\/v2\/comments?post=1247"}],"wp:featuredmedia":[{"embeddable":true,"href":"https:\/\/www.bioscent.eu\/fr\/wp-json\/wp\/v2\/media\/3730"}],"wp:attachment":[{"href":"https:\/\/www.bioscent.eu\/fr\/wp-json\/wp\/v2\/media?parent=1247"}],"wp:term":[{"taxonomy":"product_brand","embeddable":true,"href":"https:\/\/www.bioscent.eu\/fr\/wp-json\/wp\/v2\/product_brand?post=1247"},{"taxonomy":"product_cat","embeddable":true,"href":"https:\/\/www.bioscent.eu\/fr\/wp-json\/wp\/v2\/product_cat?post=1247"},{"taxonomy":"product_tag","embeddable":true,"href":"https:\/\/www.bioscent.eu\/fr\/wp-json\/wp\/v2\/product_tag?post=1247"}],"curies":[{"name":"wp","href":"https:\/\/api.w.org\/{rel}","templated":true}]}}