{"id":3822,"date":"2026-02-22T01:17:41","date_gmt":"2026-02-22T01:17:41","guid":{"rendered":"https:\/\/www.bioscent.eu\/?post_type=product&#038;p=3822"},"modified":"2026-02-24T01:21:27","modified_gmt":"2026-02-24T01:21:27","slug":"casablanca","status":"publish","type":"product","link":"https:\/\/www.bioscent.eu\/fr\/collections\/casablanca\/","title":{"rendered":"Casablanca"},"content":{"rendered":"<div>\n<p><span style=\"color: #333333; font-size: 14.4px;\"><strong>Casablanca<\/strong> <strong>50ml<\/strong> Eau de Parfum de BioScent est un parfum de niche de la collection Archange, con\u00e7u pour traduire l'\u00e2me du Maroc en parfum. Inspir\u00e9 par la lumi\u00e8re chaude de <strong>Casablanca<\/strong> et la silhouette de la mosqu\u00e9e Hassan II, il capture le contraste entre la brise de l'oc\u00e9an, la fum\u00e9e sacr\u00e9e et la vie urbaine anim\u00e9e.<\/span><\/p>\n<p><span style=\"color: #333333; font-size: 14.4px;\">Con\u00e7u comme une signature unisexe pour les amateurs de parfums qui appr\u00e9cient le caract\u00e8re et la profondeur, Casablanca offre une excellente pr\u00e9sence sans perdre en raffinement, ce qui le rend id\u00e9al pour les soir\u00e9es, les occasions sp\u00e9ciales et tous les moments o\u00f9 l'on veut se d\u00e9marquer sans effort. Dans la collection Archange, chaque cr\u00e9ation est construite autour de la culture olfactive et des mati\u00e8res premi\u00e8res d'un lieu. <strong>Casablanca<\/strong> c\u00e9l\u00e8bre <strong>Maroc<\/strong> avec une touche de modernit\u00e9 et d'\u00e9l\u00e9gance.<\/span><\/p>\n<p><span style=\"color: #333333; font-size: 14.4px;\"><strong>Casablanca<\/strong> by BioScent est vendu exclusivement \u00e0 notre <strong>Boutique Duty Free situ\u00e9e \u00e0 l'int\u00e9rieur du Sofitel Abidjan H\u00f4tel Ivoire en C\u00f4te d'Ivoire<\/strong>, au <strong>prix de 50 000 FCFA<\/strong> pour <strong>50ml<\/strong>; Pour r\u00e9server ou obtenir des informations, veuillez vous adresser \u00e0 <strong>Contact +2250788595922.<\/strong><\/span><\/p>\n<\/div>\n<div><strong>Pour les clients bas\u00e9s au Royaume-Uni,<\/strong> Le parfum peut \u00e9galement \u00eatre command\u00e9 en ligne via notre canal de vente d\u00e9di\u00e9, garantissant un acc\u00e8s facile \u00e0 ce parfum \u00e0 distribution limit\u00e9e.abidjan.shopdutyfree<\/div>","protected":false},"excerpt":{"rendered":"<div>\n<p><span style=\"color: #333333; font-size: 14.4px;\"><strong>Casablanca<\/strong> by BioScent est une eau de parfum de 50ml de la collection Archange, inspir\u00e9e par la culture olfactive marocaine et l'iconique mosqu\u00e9e Hassan II.<\/span><\/p>\n<p><span style=\"color: #333333; font-size: 14.4px;\">Un d\u00e9part \u00e9pic\u00e9-aromatique de bergamote, de cardamome et de lavande se fond dans un c\u0153ur sensuel de cumin, de jasmin et de rose, ancr\u00e9 dans une base fum\u00e9e profonde de cuir, de c\u00e8dre, d'encens, d'oud et de patchouli.<\/span><\/p>\n<p><span style=\"color: #333333; font-size: 14.4px;\">Cette cr\u00e9ation exclusive n'est actuellement disponible que chez Archange. <strong>Boutique Duty Free \u00e0 l'int\u00e9rieur du Sofitel Abidjan H\u00f4tel Ivoire en C\u00f4te d'Ivoire<\/strong> <strong>(50 000 FCFA, Contact +2250788595922)<\/strong> et en ligne pour <strong>Clients bas\u00e9s au Royaume-Uni.<\/strong><\/span><\/p>\n<\/div>\n<div><strong>Pyramide olfactive :<\/strong><\/div>\n<div><\/div>\n<div>\n<div><strong>Notes de t\u00eate :<\/strong> Bergamote, cardamome, lavande<\/div>\n<div><strong>Notes de c\u0153ur :<\/strong> Cumin, Jasmin, Rose<\/div>\n<div><strong>Notes de fond :<\/strong> Cuir, c\u00e8dre, encens, oud, patchouli<\/div>\n<\/div>","protected":false},"featured_media":4141,"comment_status":"open","ping_status":"closed","template":"","meta":[],"product_brand":[],"product_cat":[561,102,105],"product_tag":[573],"class_list":{"0":"post-3822","1":"product","2":"type-product","3":"status-publish","4":"has-post-thumbnail","6":"product_cat-archange","7":"product_cat-spray","8":"product_cat-unisex-spray","9":"product_tag-casablanca","11":"first","12":"instock","13":"taxable","14":"shipping-taxable","15":"purchasable","16":"product-type-simple"},"jetpack_sharing_enabled":true,"_links":{"self":[{"href":"https:\/\/www.bioscent.eu\/fr\/wp-json\/wp\/v2\/product\/3822","targetHints":{"allow":["GET"]}}],"collection":[{"href":"https:\/\/www.bioscent.eu\/fr\/wp-json\/wp\/v2\/product"}],"about":[{"href":"https:\/\/www.bioscent.eu\/fr\/wp-json\/wp\/v2\/types\/product"}],"replies":[{"embeddable":true,"href":"https:\/\/www.bioscent.eu\/fr\/wp-json\/wp\/v2\/comments?post=3822"}],"wp:featuredmedia":[{"embeddable":true,"href":"https:\/\/www.bioscent.eu\/fr\/wp-json\/wp\/v2\/media\/4141"}],"wp:attachment":[{"href":"https:\/\/www.bioscent.eu\/fr\/wp-json\/wp\/v2\/media?parent=3822"}],"wp:term":[{"taxonomy":"product_brand","embeddable":true,"href":"https:\/\/www.bioscent.eu\/fr\/wp-json\/wp\/v2\/product_brand?post=3822"},{"taxonomy":"product_cat","embeddable":true,"href":"https:\/\/www.bioscent.eu\/fr\/wp-json\/wp\/v2\/product_cat?post=3822"},{"taxonomy":"product_tag","embeddable":true,"href":"https:\/\/www.bioscent.eu\/fr\/wp-json\/wp\/v2\/product_tag?post=3822"}],"curies":[{"name":"wp","href":"https:\/\/api.w.org\/{rel}","templated":true}]}}