{"id":4257,"date":"2026-02-22T06:14:28","date_gmt":"2026-02-22T06:14:28","guid":{"rendered":"https:\/\/www.bioscent.eu\/"},"modified":"2026-02-24T01:18:07","modified_gmt":"2026-02-24T01:18:07","slug":"bamako","status":"publish","type":"product","link":"https:\/\/www.bioscent.eu\/fr\/collections\/bamako\/","title":{"rendered":"Bamako"},"content":{"rendered":"<div>\n<p><span style=\"color: #333333; font-size: 14.4px;\"><strong>Bamako<\/strong> Mansa Moussa <strong>50ml<\/strong> Eau de Parfum de BioScent est une composition bois\u00e9e *orientale* de la collection Archange, cr\u00e9\u00e9e comme un hommage olfactif \u00e0 l'\u00e2ge d'or du Mali et \u00e0 son souverain l\u00e9gendaire.<\/span><\/p>\n<p><span style=\"color: #333333; font-size: 14.4px;\">Le parfum s'inspire des caravanes charg\u00e9es d'\u00e9pices, de maroquinerie et de bois pr\u00e9cieux, ainsi que des encens traditionnels de thiouraye qui parfument les maisons d'Afrique de l'Ouest.<\/span><\/p>\n<p><span style=\"color: #333333; font-size: 14.4px;\"><strong>Bamako<\/strong> Mansa Moussa est con\u00e7u pour les amateurs de parfums qui appr\u00e9cient la complexit\u00e9, la texture et une signature forte avec une vraie personnalit\u00e9, ce qui le rend parfait pour les tenues de soir\u00e9e, les \u00e9v\u00e9nements sp\u00e9ciaux et les temps plus frais. Comme pour chaque parfum Archange, la formule est construite autour de la culture olfactive locale et des mati\u00e8res premi\u00e8res embl\u00e9matiques de sa destination - dans ce cas, <strong>Bamako<\/strong> et la r\u00e9gion sah\u00e9lienne au sens large.<\/span><\/p>\n<p><span style=\"color: #333333; font-size: 14.4px;\"><strong>Bamako<\/strong> by BioScent est vendu exclusivement \u00e0 notre <strong>Boutique Duty Free \u00e0 l'int\u00e9rieur du Sofitel Abidjan H\u00f4tel Ivoire en C\u00f4te d'Ivoire<\/strong>, au <strong>prix de 50 000 FCFA<\/strong> pour <strong>50ml<\/strong>; Pour les r\u00e9servations ou les demandes de renseignements, veuillez vous adresser \u00e0 <strong>Contact +2250788595922.<\/strong><\/span><\/p>\n<p><span style=\"color: #333333; font-size: 14.4px;\"><strong>Clients bas\u00e9s au Royaume-Uni :<\/strong> peuvent \u00e9galement commander ce parfum en ligne via notre canal de vente d\u00e9di\u00e9, acc\u00e9dant ainsi \u00e0 un parfum rare qui n'est pas encore distribu\u00e9 dans le commerce de d\u00e9tail standard.<\/span><\/p>\n<\/div>","protected":false},"excerpt":{"rendered":"<div>\n<p><span style=\"color: #333333; font-size: 14.4px;\"><strong>Bamako<\/strong> de BioScent est un <strong>50ml<\/strong> eau de parfum de la collection Archange, inspir\u00e9e par la richesse l\u00e9gendaire et l'aura spirituelle de l'Empire du Mali.<\/span><\/p>\n<p><span style=\"color: #333333; font-size: 14.4px;\">Il s'ouvre sur le clou de girofle, la cardamome et le gingembre, passe \u00e0 un c\u0153ur de rose, de thiouraye, de cuir et de patchouli, et s'installe dans un fond sensuel de musc blanc, de bois de santal, de v\u00e9tiver, de praline et d'oud.<\/span><\/p>\n<p><span style=\"color: #333333; font-size: 14.4px;\">Cette fragrance exclusive inspir\u00e9e de l'Afrique de l'Ouest n'est disponible que dans nos boutiques BioScent. <strong>Boutique Duty Free \u00e0 l'int\u00e9rieur du Sofitel Abidjan H\u00f4tel Ivoire<\/strong> \u00e0<strong> 50 000 FCFA (Contact +2250788595922)<\/strong> et en ligne pour <strong>les clients bas\u00e9s au Royaume-Uni.<\/strong><\/span><\/p>\n<p><strong><span style=\"color: #333333; font-size: 14.4px;\">Pyramide olfactive :<\/span><\/strong><\/p>\n<\/div>\n<div><strong>Notes de t\u00eate :<\/strong> Clou de girofle, cardamome, gingembre<\/div>\n<div><strong>Notes de c\u0153ur :<\/strong> Rose, Thiouraye, Cuir, Patchouli<\/div>\n<div><strong>Notes de fond :<\/strong> Musc blanc, bois de santal, v\u00e9tiver, praline, oud<\/div>","protected":false},"featured_media":4132,"comment_status":"open","ping_status":"closed","template":"","meta":[],"product_brand":[],"product_cat":[561,102,105],"product_tag":[340],"class_list":{"0":"post-4257","1":"product","2":"type-product","3":"status-publish","4":"has-post-thumbnail","6":"product_cat-archange","7":"product_cat-spray","8":"product_cat-unisex-spray","9":"product_tag-bamako","11":"first","12":"instock","13":"taxable","14":"shipping-taxable","15":"purchasable","16":"product-type-simple"},"jetpack_sharing_enabled":true,"_links":{"self":[{"href":"https:\/\/www.bioscent.eu\/fr\/wp-json\/wp\/v2\/product\/4257","targetHints":{"allow":["GET"]}}],"collection":[{"href":"https:\/\/www.bioscent.eu\/fr\/wp-json\/wp\/v2\/product"}],"about":[{"href":"https:\/\/www.bioscent.eu\/fr\/wp-json\/wp\/v2\/types\/product"}],"replies":[{"embeddable":true,"href":"https:\/\/www.bioscent.eu\/fr\/wp-json\/wp\/v2\/comments?post=4257"}],"wp:featuredmedia":[{"embeddable":true,"href":"https:\/\/www.bioscent.eu\/fr\/wp-json\/wp\/v2\/media\/4132"}],"wp:attachment":[{"href":"https:\/\/www.bioscent.eu\/fr\/wp-json\/wp\/v2\/media?parent=4257"}],"wp:term":[{"taxonomy":"product_brand","embeddable":true,"href":"https:\/\/www.bioscent.eu\/fr\/wp-json\/wp\/v2\/product_brand?post=4257"},{"taxonomy":"product_cat","embeddable":true,"href":"https:\/\/www.bioscent.eu\/fr\/wp-json\/wp\/v2\/product_cat?post=4257"},{"taxonomy":"product_tag","embeddable":true,"href":"https:\/\/www.bioscent.eu\/fr\/wp-json\/wp\/v2\/product_tag?post=4257"}],"curies":[{"name":"wp","href":"https:\/\/api.w.org\/{rel}","templated":true}]}}