{"id":4258,"date":"2026-02-22T06:23:20","date_gmt":"2026-02-22T06:23:20","guid":{"rendered":"https:\/\/www.bioscent.eu\/"},"modified":"2026-02-24T01:15:18","modified_gmt":"2026-02-24T01:15:18","slug":"lagos","status":"publish","type":"product","link":"https:\/\/www.bioscent.eu\/fr\/collections\/lagos\/","title":{"rendered":"Lagos"},"content":{"rendered":"<p><span style=\"color: #333333; font-size: 14.4px;\"><strong>Lagos<\/strong> Aro Meta, Agba Meta 50 ml Eau de Parfum by BioScent est une composition gourmande et ambr\u00e9e de la collection Archange, cr\u00e9\u00e9e en hommage aux trois visages de l'homme. <strong>Lagos<\/strong>Le programme de l'Union europ\u00e9enne : audacieux, doux et \u00e9nergique \u00e0 l'infini. <\/span><span style=\"color: #333333; font-size: 14.4px;\">L'expression yoruba \u201cAro Meta, Agba Meta\u201d \u00e9voque le pouvoir et l'influence, et ce parfum refl\u00e8te ce charisme avec une structure lumineuse et addictive construite autour du miel, de la tonka et des r\u00e9sines.<\/span><\/p>\n<p><span style=\"color: #333333; font-size: 14.4px;\"><strong>Lagos<\/strong> Aro Meta, Agba Meta est con\u00e7u pour les amateurs de parfums qui veulent quelque chose de doux mais sophistiqu\u00e9, avec suffisamment de pr\u00e9sence pour les soir\u00e9es, les occasions sp\u00e9ciales et les soir\u00e9es plus fra\u00eeches.<\/span><\/p>\n<p><span style=\"color: #333333; font-size: 14.4px;\">Comme pour chaque parfum Archange, la formule est construite autour de la culture olfactive locale et des mati\u00e8res premi\u00e8res embl\u00e9matiques - dans ce cas, la chaleur gourmande et la profondeur spirituelle qui d\u00e9finissent Lagos.<\/span><\/p>\n<p><span style=\"color: #333333; font-size: 14.4px;\"><strong>Lagos<\/strong> Aro Meta, Agba Meta de BioScent est vendu exclusivement \u00e0 notre boutique en ligne. <strong>Boutique Duty Free \u00e0 l'int\u00e9rieur du Sofitel Abidjan H\u00f4tel Ivoire en C\u00f4te d'Ivoire<\/strong>, au prix de 50.000 FCFA pour les <strong>50ml<\/strong>; Pour les r\u00e9servations ou les demandes de renseignements, veuillez vous adresser \u00e0 <strong>Contact +2250788595922.<\/strong><\/span><\/p>\n<p><span style=\"color: #333333; font-size: 14.4px;\"><strong>Clients bas\u00e9s au Royaume-Uni<\/strong> peuvent \u00e9galement commander ce parfum en ligne via notre canal de vente d\u00e9di\u00e9, acc\u00e9dant ainsi \u00e0 un parfum \u00e0 distribution limit\u00e9e qui n'est pas encore disponible dans le commerce traditionnel.<\/span><\/p>","protected":false},"excerpt":{"rendered":"<div>\n<p><span style=\"color: #333333; font-size: 14.4px;\"><strong>Lagos<\/strong> Aro Meta, Agba Meta de BioScent est une eau de parfum de 50 ml de la collection Archange, inspir\u00e9e par le rythme vibrant et irr\u00e9pressible de la musique de l'Asie du Sud-Est. <strong>Lagos<\/strong>.<\/span><\/p>\n<p><span style=\"color: #333333; font-size: 14.4px;\">Le citron juteux et la mangue s'ouvrent sur un c\u0153ur riche de miel, de f\u00e8ve tonka, de myrrhe et de patchouli, reposant sur une base sensuelle de musc blanc, de vanille, d'ambre gris et d'oud.<\/span><\/p>\n<p><span style=\"color: #333333; font-size: 14.4px;\">Ce parfum exclusif n'est disponible que dans nos magasins BioScent <strong>Boutique Duty Free \u00e0 l'int\u00e9rieur du Sofitel Abidjan H\u00f4tel Ivoire \u00e0 50 000 FCFA (Contact +2250788595922)<\/strong> et en ligne pour <strong>les clients bas\u00e9s au Royaume-Uni.<\/strong><\/span><\/p>\n<p><strong><span style=\"color: #333333; font-size: 14.4px;\">Pyramide olfactive :<\/span><\/strong><\/p>\n<\/div>\n<div><strong>Notes de t\u00eate :<\/strong> Citron, Mangue<\/div>\n<div><strong>Notes de c\u0153ur :<\/strong> Miel, f\u00e8ve tonka, myrrhe, patchouli<\/div>\n<div><strong>Notes de fond :<\/strong> Musc blanc, Vanille, Ambre gris, Oud<\/div>","protected":false},"featured_media":4151,"comment_status":"open","ping_status":"closed","template":"","meta":[],"product_brand":[],"product_cat":[561,102,105],"product_tag":[575],"class_list":{"0":"post-4258","1":"product","2":"type-product","3":"status-publish","4":"has-post-thumbnail","6":"product_cat-archange","7":"product_cat-spray","8":"product_cat-unisex-spray","9":"product_tag-lagos","11":"first","12":"instock","13":"taxable","14":"shipping-taxable","15":"purchasable","16":"product-type-simple"},"jetpack_sharing_enabled":true,"_links":{"self":[{"href":"https:\/\/www.bioscent.eu\/fr\/wp-json\/wp\/v2\/product\/4258","targetHints":{"allow":["GET"]}}],"collection":[{"href":"https:\/\/www.bioscent.eu\/fr\/wp-json\/wp\/v2\/product"}],"about":[{"href":"https:\/\/www.bioscent.eu\/fr\/wp-json\/wp\/v2\/types\/product"}],"replies":[{"embeddable":true,"href":"https:\/\/www.bioscent.eu\/fr\/wp-json\/wp\/v2\/comments?post=4258"}],"wp:featuredmedia":[{"embeddable":true,"href":"https:\/\/www.bioscent.eu\/fr\/wp-json\/wp\/v2\/media\/4151"}],"wp:attachment":[{"href":"https:\/\/www.bioscent.eu\/fr\/wp-json\/wp\/v2\/media?parent=4258"}],"wp:term":[{"taxonomy":"product_brand","embeddable":true,"href":"https:\/\/www.bioscent.eu\/fr\/wp-json\/wp\/v2\/product_brand?post=4258"},{"taxonomy":"product_cat","embeddable":true,"href":"https:\/\/www.bioscent.eu\/fr\/wp-json\/wp\/v2\/product_cat?post=4258"},{"taxonomy":"product_tag","embeddable":true,"href":"https:\/\/www.bioscent.eu\/fr\/wp-json\/wp\/v2\/product_tag?post=4258"}],"curies":[{"name":"wp","href":"https:\/\/api.w.org\/{rel}","templated":true}]}}