{"id":4260,"date":"2026-02-22T06:32:06","date_gmt":"2026-02-22T06:32:06","guid":{"rendered":"https:\/\/www.bioscent.eu\/"},"modified":"2026-02-24T01:09:15","modified_gmt":"2026-02-24T01:09:15","slug":"capcoast","status":"publish","type":"product","link":"https:\/\/www.bioscent.eu\/fr\/collections\/capcoast\/","title":{"rendered":"Cap Coast"},"content":{"rendered":"<p data-start=\"225\" data-end=\"487\"><span style=\"color: #333333; font-size: 14.4px;\"><strong>Cap Coast<\/strong> Fort de Cape Coast 50ml Eau de Parfum par BioScent est une composition florale ambr\u00e9e de la collection Archange, cr\u00e9\u00e9e comme un voyage olfactif le long de la c\u00f4te historique du Ghana.<\/span><\/p>\n<p data-start=\"225\" data-end=\"487\"><span style=\"color: #333333; font-size: 14.4px;\">Inspir\u00e9 par les murs de pierre arros\u00e9s par la mer, les march\u00e9s de fruits tropicaux et les c\u00e9r\u00e9monies du soir, il contraste les sensations de brise sal\u00e9e avec des fleurs luxuriantes et des bois cr\u00e9meux. <\/span><span style=\"color: #333333; font-size: 14.4px;\">Le parfum s'ouvre sur une cardamome p\u00e9tillante enveloppant une cerise juteuse et une noix de coco cr\u00e9meuse, \u00e9voquant une boisson fra\u00eeche d\u00e9gust\u00e9e en regardant les vagues s'\u00e9craser sur le rivage. <strong>Cape Coast<\/strong> les remparts.<\/span><\/p>\n<p data-start=\"225\" data-end=\"487\"><span style=\"color: #333333; font-size: 14.4px;\"><strong>Cap Coast<\/strong> Fort de Cape Coast est con\u00e7u pour les amateurs de parfums qui appr\u00e9cient les fleurs sophistiqu\u00e9es avec une touche tropicale, ce qui en fait un parfum id\u00e9al pour la journ\u00e9e, les soir\u00e9es au bord de la plage et les occasions \u00e9l\u00e9gantes et d\u00e9contract\u00e9es. Comme pour toutes les cr\u00e9ations Archange, la formule est construite autour de la culture olfactive locale et de mati\u00e8res premi\u00e8res embl\u00e9matiques - c\u00e9l\u00e9brant ici l'h\u00e9ritage c\u00f4tier du Ghana et le pouvoir \u00e9motionnel du ch\u00e2teau de Cape Coast.<\/span><\/p>\n<p data-start=\"225\" data-end=\"487\"><span style=\"color: #333333; font-size: 14.4px;\"><strong>Cap Coast<\/strong> Fort de Cape Coast by BioScent est vendu exclusivement \u00e0 notre boutique en ligne. <strong>Boutique Duty Free \u00e0 l'int\u00e9rieur du Sofitel Abidjan H\u00f4tel Ivoire en C\u00f4te d'Ivoire<\/strong>, au <strong>prix de 50 000 FCFA<\/strong> pour <strong>50ml<\/strong>; Pour les r\u00e9servations ou les demandes de renseignements, veuillez vous adresser \u00e0 <strong>Contact +2250788595922<\/strong>. <\/span><\/p>\n<p data-start=\"225\" data-end=\"487\"><span style=\"color: #333333; font-size: 14.4px;\"><strong>Clients bas\u00e9s au Royaume-Uni :<\/strong>\u00a0peuvent \u00e9galement commander ce parfum en ligne via notre canal de vente d\u00e9di\u00e9, acc\u00e9dant ainsi \u00e0 un parfum \u00e0 distribution limit\u00e9e qui n'est pas encore disponible dans les r\u00e9seaux de vente au d\u00e9tail habituels.<\/span><\/p>","protected":false},"excerpt":{"rendered":"<p><strong>Cap Coast <\/strong>Fort de Cape Coast de BioScent est une eau de parfum de 50 ml de la collection Archange, inspir\u00e9e par la forteresse historique de Cape Coast sur la c\u00f4te atlantique du Ghana.<\/p>\n<p>Un accord lumineux de cardamome, de cerise et de noix de coco m\u00e8ne \u00e0 un c\u0153ur floral de rose et de tub\u00e9reuse, reposant sur un fond sensuel d'ambre gris, de bois de santal, de patchouli et de vanille.<\/p>\n<p>Ce parfum unisexe exclusif n'est disponible que dans nos magasins BioScent <strong>Boutique Duty Free \u00e0 l'int\u00e9rieur du Sofitel Abidjan H\u00f4tel Ivoire \u00e0 50 000 FCFA (Contact +2250788595922)<\/strong> et en ligne pour <strong>les clients bas\u00e9s au Royaume-Uni.<\/strong><\/p>\n<p><strong>Pyramide olfactive :<\/strong><\/p>\n<div><strong>Notes de t\u00eate :<\/strong> Cardamome, cerise, noix de coco<\/div>\n<div><strong>Notes de c\u0153ur :<\/strong> Rose, Tub\u00e9reuse<\/div>\n<div><strong>Notes de fond :<\/strong> Ambre gris, bois de santal, patchouli, vanille<\/div>","protected":false},"featured_media":4147,"comment_status":"open","ping_status":"closed","template":"","meta":[],"product_brand":[],"product_cat":[561,102,105],"product_tag":[576],"class_list":{"0":"post-4260","1":"product","2":"type-product","3":"status-publish","4":"has-post-thumbnail","6":"product_cat-archange","7":"product_cat-spray","8":"product_cat-unisex-spray","9":"product_tag-cap-coast","11":"first","12":"instock","13":"taxable","14":"shipping-taxable","15":"purchasable","16":"product-type-simple"},"jetpack_sharing_enabled":true,"_links":{"self":[{"href":"https:\/\/www.bioscent.eu\/fr\/wp-json\/wp\/v2\/product\/4260","targetHints":{"allow":["GET"]}}],"collection":[{"href":"https:\/\/www.bioscent.eu\/fr\/wp-json\/wp\/v2\/product"}],"about":[{"href":"https:\/\/www.bioscent.eu\/fr\/wp-json\/wp\/v2\/types\/product"}],"replies":[{"embeddable":true,"href":"https:\/\/www.bioscent.eu\/fr\/wp-json\/wp\/v2\/comments?post=4260"}],"wp:featuredmedia":[{"embeddable":true,"href":"https:\/\/www.bioscent.eu\/fr\/wp-json\/wp\/v2\/media\/4147"}],"wp:attachment":[{"href":"https:\/\/www.bioscent.eu\/fr\/wp-json\/wp\/v2\/media?parent=4260"}],"wp:term":[{"taxonomy":"product_brand","embeddable":true,"href":"https:\/\/www.bioscent.eu\/fr\/wp-json\/wp\/v2\/product_brand?post=4260"},{"taxonomy":"product_cat","embeddable":true,"href":"https:\/\/www.bioscent.eu\/fr\/wp-json\/wp\/v2\/product_cat?post=4260"},{"taxonomy":"product_tag","embeddable":true,"href":"https:\/\/www.bioscent.eu\/fr\/wp-json\/wp\/v2\/product_tag?post=4260"}],"curies":[{"name":"wp","href":"https:\/\/api.w.org\/{rel}","templated":true}]}}