{"id":832,"date":"2024-12-31T21:27:39","date_gmt":"2024-12-31T21:27:39","guid":{"rendered":"https:\/\/www.bioscent.eu\/?post_type=product&#038;p=832"},"modified":"2025-09-06T21:42:45","modified_gmt":"2025-09-06T21:42:45","slug":"recharge-jasmin","status":"publish","type":"product","link":"https:\/\/www.bioscent.eu\/fr\/collections\/recharge-jasmin\/","title":{"rendered":"Recharge | Jasmin"},"content":{"rendered":"<p><strong>Transformez votre espace avec nos parfums d'ambiance et nos diffuseurs \u00e9lectriques de premi\u00e8re qualit\u00e9<\/strong><\/p>\n<p>D\u00e9couvrez le m\u00e9lange parfait de <strong>s\u00e9curit\u00e9, qualit\u00e9 et \u00e9l\u00e9gance<\/strong> avec nos diffuseurs \u00e9lectriques et nos huiles de parfum authentiques. Con\u00e7ues pour lib\u00e9rer des senteurs riches et naturelles, nos huiles r\u00e9pondent aux normes les plus strictes, se conformant \u00e0 la r\u00e9glementation rigoureuse de l'IFRA pour garantir qu'elles sont s\u00fbres, non toxiques et d'une qualit\u00e9 in\u00e9gal\u00e9e.<\/p>\n<p>D\u00e9couvrez notre s\u00e9lection exclusive de parfums, con\u00e7us pour s'adapter \u00e0 chaque humeur et \u00e0 chaque style :<br \/>\n\ud83c\udf38 <strong>Floral<\/strong>: Ajoutez une touche de douceur et d'\u00e9l\u00e9gance avec des notes florales d\u00e9licates.<br \/>\n\ud83c\udf4a <strong>Fruit\u00e9<\/strong>: Apporte vitalit\u00e9 et douceur avec des ar\u00f4mes juteux et stimulants.<br \/>\n\ud83c\udf33 <strong>Bois<\/strong>: Cr\u00e9ez une atmosph\u00e8re chaleureuse et sophistiqu\u00e9e avec des accords profonds et captivants.<br \/>\n\ud83c\udf36 <strong>\u00c9pic\u00e9<\/strong>: Infusez dans votre espace des senteurs audacieuses et vivifiantes pour un caract\u00e8re unique.<br \/>\n\ud83c\udf1f <strong>Orientale<\/strong>: Laissez-vous s\u00e9duire par des parfums sensuels et myst\u00e9rieux qui vous transportent vers des contr\u00e9es lointaines.<br \/>\n\ud83c\udf43 <strong>Aromatique<\/strong>: Profitez des qualit\u00e9s rafra\u00eechissantes et apaisantes des herbes et plantes aromatiques.<\/p>\n<p>Notre <strong>diffuseurs \u00e9lectriques<\/strong> offrent une alternative propre et sans flamme aux bougies, d\u00e9livrant un parfum constant et durable tout en pr\u00e9servant la s\u00e9curit\u00e9 de votre maison et de vos proches. Choisissez une solution qui donne la priorit\u00e9 \u00e0 votre bien-\u00eatre et transforme votre environnement en un lieu de vie agr\u00e9able. <strong>un havre de confort et de sophistication<\/strong>.<\/p>\n<p>D\u00e9couvrez le pouvoir des senteurs luxueuses - parce que votre espace ne m\u00e9rite rien d'autre que le meilleur. \ud83c\udf3f<\/p>","protected":false},"excerpt":{"rendered":"<p>D\u00e9couvrez l'essence captivante de notre parfum pour diffuseur \u00e9lectrique, con\u00e7u avec un m\u00e9lange harmonieux de notes pour transformer votre espace en une oasis d'\u00e9l\u00e9gance et de fra\u00eecheur :<\/p>\n<p>D\u00e9couvrez cette fragrance exquise qui \u00e9l\u00e8vera votre ambiance avec sophistication et charme.<\/p>","protected":false},"featured_media":0,"comment_status":"open","ping_status":"closed","template":"","meta":[],"product_brand":[],"product_cat":[70],"product_tag":[529,344],"class_list":{"0":"post-832","1":"product","2":"type-product","3":"status-publish","5":"product_cat-refill","6":"product_tag-jasmin","7":"product_tag-jasmine","9":"first","10":"instock","11":"taxable","12":"shipping-taxable","13":"purchasable","14":"product-type-variable","15":"has-default-attributes"},"jetpack_sharing_enabled":true,"_links":{"self":[{"href":"https:\/\/www.bioscent.eu\/fr\/wp-json\/wp\/v2\/product\/832","targetHints":{"allow":["GET"]}}],"collection":[{"href":"https:\/\/www.bioscent.eu\/fr\/wp-json\/wp\/v2\/product"}],"about":[{"href":"https:\/\/www.bioscent.eu\/fr\/wp-json\/wp\/v2\/types\/product"}],"replies":[{"embeddable":true,"href":"https:\/\/www.bioscent.eu\/fr\/wp-json\/wp\/v2\/comments?post=832"}],"wp:attachment":[{"href":"https:\/\/www.bioscent.eu\/fr\/wp-json\/wp\/v2\/media?parent=832"}],"wp:term":[{"taxonomy":"product_brand","embeddable":true,"href":"https:\/\/www.bioscent.eu\/fr\/wp-json\/wp\/v2\/product_brand?post=832"},{"taxonomy":"product_cat","embeddable":true,"href":"https:\/\/www.bioscent.eu\/fr\/wp-json\/wp\/v2\/product_cat?post=832"},{"taxonomy":"product_tag","embeddable":true,"href":"https:\/\/www.bioscent.eu\/fr\/wp-json\/wp\/v2\/product_tag?post=832"}],"curies":[{"name":"wp","href":"https:\/\/api.w.org\/{rel}","templated":true}]}}